{"id":2,"date":"2024-10-18T09:57:53","date_gmt":"2024-10-18T09:57:53","guid":{"rendered":"http:\/\/romantyczny-weekend-dla-dwojga-w-gorach.pl\/?page_id=2"},"modified":"2024-10-30T13:43:48","modified_gmt":"2024-10-30T13:43:48","slug":"romantyczny-weekend-dla-dwojga-w-gorach","status":"publish","type":"page","link":"https:\/\/romantyczny-weekend-dla-dwojga-w-gorach.pl\/","title":{"rendered":"Romantyczny weekend dla dwojga w g\u00f3rach"},"content":{"rendered":"\n<h2 class=\"wp-block-heading\"><strong>Romantyczna ucieczka w Karkonosze \u2013 czy marzysz o chwili tylko we dwoje?<\/strong> \ud83c\udf32\ud83d\udc91<\/h2>\n\n\n\n<p>Kto nie potrzebuje czasem uciec od codzienno\u015bci? Zapomnie\u0107 o obowi\u0105zkach, stresie i po prostu\u2026 by\u0107 ze sob\u0105? Dla par, kt\u00f3re pragn\u0105 odnale\u017a\u0107 na nowo magi\u0119 bycia razem, romantyczny weekend dla dwojga w g\u00f3rach to co\u015b wi\u0119cej ni\u017c tylko czas sp\u0119dzony we dwoje \u2013 to obietnica niezapomnianych chwil, kt\u00f3re zostan\u0105 w pami\u0119ci na d\u0142ugo. A gdzie lepiej to prze\u017cy\u0107 ni\u017c w sercu majestatycznych Karkonoszy, gdzie natura spotyka luksus Pa\u0142acu Pakosz\u00f3w?<\/p>\n\n\n\n<figure class=\"wp-block-image size-large\"><img loading=\"lazy\" decoding=\"async\" width=\"1024\" height=\"683\" src=\"https:\/\/romantyczny-weekend-dla-dwojga-w-gorach.pl\/wp-content\/uploads\/2024\/10\/wedding-dreamz-bLINhI-khtc-unsplash-1024x683.jpg\" alt=\"romantyczny weekend dla dwojga w g\u00f3rach\" class=\"wp-image-14\" srcset=\"https:\/\/romantyczny-weekend-dla-dwojga-w-gorach.pl\/wp-content\/uploads\/2024\/10\/wedding-dreamz-bLINhI-khtc-unsplash-1024x683.jpg 1024w, https:\/\/romantyczny-weekend-dla-dwojga-w-gorach.pl\/wp-content\/uploads\/2024\/10\/wedding-dreamz-bLINhI-khtc-unsplash-300x200.jpg 300w, https:\/\/romantyczny-weekend-dla-dwojga-w-gorach.pl\/wp-content\/uploads\/2024\/10\/wedding-dreamz-bLINhI-khtc-unsplash-768x512.jpg 768w, https:\/\/romantyczny-weekend-dla-dwojga-w-gorach.pl\/wp-content\/uploads\/2024\/10\/wedding-dreamz-bLINhI-khtc-unsplash-1536x1025.jpg 1536w, https:\/\/romantyczny-weekend-dla-dwojga-w-gorach.pl\/wp-content\/uploads\/2024\/10\/wedding-dreamz-bLINhI-khtc-unsplash-2048x1366.jpg 2048w, https:\/\/romantyczny-weekend-dla-dwojga-w-gorach.pl\/wp-content\/uploads\/2024\/10\/wedding-dreamz-bLINhI-khtc-unsplash-850x567.jpg 850w\" sizes=\"(max-width: 1024px) 100vw, 1024px\" \/><\/figure>\n\n\n\n<h2 class=\"wp-block-heading\">Dlaczego w\u0142a\u015bnie romantyczny weekend dla dwojga w g\u00f3rach? \ud83c\udfd4\ufe0f<\/h2>\n\n\n\n<p>Karkonosze maj\u0105 w sobie co\u015b wyj\u0105tkowego \u2013 od tajemniczych las\u00f3w, przez krystaliczne potoki, a\u017c po widoki, kt\u00f3re w ka\u017cdym budz\u0105 podziw. Ale to nie tylko krajobrazy tworz\u0105 magi\u0119 tego miejsca; to r\u00f3wnie\u017c historia, kt\u00f3ra kryje si\u0119 w murach Pa\u0142acu Pakosz\u00f3w. Kiedy wejdziecie do tego miejsca, poczujecie, \u017ce czas zwalnia, a luksus wplata si\u0119 w ka\u017cd\u0105 chwil\u0119 waszego pobytu. W\u0142a\u015bnie dlatego <strong><a href=\"https:\/\/www.palac-pakoszow.pl\/pakiety\/romantyczny-weekend-dla-dwojga-w-palacu\">romantyczny weekend dla dwojga w g\u00f3rach<\/a><\/strong> to doskona\u0142y wyb\u00f3r \u2013 to miejsce, gdzie mo\u017cna sp\u0119dzi\u0107 czas na w\u0142asnych warunkach.<\/p>\n\n\n\n<h3 class=\"wp-block-heading\">Pa\u0142ac Pakosz\u00f3w \u2013 historia, komfort i niepowtarzalny klimat \ud83c\udfdb\ufe0f<\/h3>\n\n\n\n<p>Gdzie jeszcze znajdziecie miejsce, kt\u00f3re \u0142\u0105czy luksusowy pobyt z histori\u0105 na wyci\u0105gni\u0119cie r\u0119ki? Pa\u0142ac Pakosz\u00f3w, majestatyczna posiad\u0142o\u015b\u0107 w Karkonoszach, oferuje co\u015b wi\u0119cej ni\u017c nocleg \u2013 to prawdziwe do\u015bwiadczenie, kt\u00f3re zaczyna si\u0119 od wej\u015bcia do jego historycznych mur\u00f3w. Ka\u017cdy detal opowiada tu histori\u0119: od kamiennych schod\u00f3w, po obrazy zdobi\u0105ce \u015bciany. Wybieraj\u0105c romantyczny weekend dla dwojga w g\u00f3rach w Pakoszowie, odkryjecie nie tylko luksus, ale r\u00f3wnie\u017c spok\u00f3j i przestrze\u0144, kt\u00f3ra pozwala w pe\u0142ni zanurzy\u0107 si\u0119 w atmosferze tego miejsca.<\/p>\n\n\n\n<h2 class=\"wp-block-heading\">Zaczynamy od powitania\u2026 czyli Prosecco w pokoju! \ud83e\udd42<\/h2>\n\n\n\n<p>Co powiecie na ciep\u0142e powitanie? W Pakoszowie romantyczny weekend zaczyna si\u0119 od drobnych gest\u00f3w, kt\u00f3re sprawiaj\u0105, \u017ce poczujecie si\u0119 wyj\u0105tkowo. W pokoju b\u0119dzie czeka\u0142a butelka sch\u0142odzonego Prosecco, idealna na rozpocz\u0119cie wieczoru w intymnej atmosferze. Dla tych, kt\u00f3rzy ceni\u0105 sobie wyj\u0105tkowe chwile, to tylko pocz\u0105tek atrakcji, jakie oferuje ten romantyczny weekend dla dwojga w g\u00f3rach.<\/p>\n\n\n\n<figure class=\"wp-block-image size-large\"><img loading=\"lazy\" decoding=\"async\" width=\"1024\" height=\"683\" src=\"https:\/\/romantyczny-weekend-dla-dwojga-w-gorach.pl\/wp-content\/uploads\/2024\/10\/hannah-busing-xfKEy_6x4pw-unsplash-1024x683.jpg\" alt=\"romantyczny weekend dla dwojga w g\u00f3rach\" class=\"wp-image-11\" srcset=\"https:\/\/romantyczny-weekend-dla-dwojga-w-gorach.pl\/wp-content\/uploads\/2024\/10\/hannah-busing-xfKEy_6x4pw-unsplash-1024x683.jpg 1024w, https:\/\/romantyczny-weekend-dla-dwojga-w-gorach.pl\/wp-content\/uploads\/2024\/10\/hannah-busing-xfKEy_6x4pw-unsplash-300x200.jpg 300w, https:\/\/romantyczny-weekend-dla-dwojga-w-gorach.pl\/wp-content\/uploads\/2024\/10\/hannah-busing-xfKEy_6x4pw-unsplash-768x512.jpg 768w, https:\/\/romantyczny-weekend-dla-dwojga-w-gorach.pl\/wp-content\/uploads\/2024\/10\/hannah-busing-xfKEy_6x4pw-unsplash-1536x1024.jpg 1536w, https:\/\/romantyczny-weekend-dla-dwojga-w-gorach.pl\/wp-content\/uploads\/2024\/10\/hannah-busing-xfKEy_6x4pw-unsplash-2048x1365.jpg 2048w, https:\/\/romantyczny-weekend-dla-dwojga-w-gorach.pl\/wp-content\/uploads\/2024\/10\/hannah-busing-xfKEy_6x4pw-unsplash-850x567.jpg 850w\" sizes=\"(max-width: 1024px) 100vw, 1024px\" \/><\/figure>\n\n\n\n<h2 class=\"wp-block-heading\">Kulinarny romans \u2013 degustacyjna kolacja przy \u015bwiecach \ud83c\udf7d\ufe0f<\/h2>\n\n\n\n<p>Romantyczna kolacja przy \u015bwiecach to punkt kulminacyjny pobytu. Menu degustacyjne przygotowane specjalnie na t\u0119 okazj\u0119 to prawdziwa uczta smak\u00f3w \u2013 czterodaniowa kolacja przy blasku \u015bwiec to czas, by na chwil\u0119 zapomnie\u0107 o \u015bwiecie i skupi\u0107 si\u0119 na byciu razem. Pa\u0142acowy szef kuchni serwuje dania z lokalnych, \u015bwie\u017cych sk\u0142adnik\u00f3w, podkre\u015blaj\u0105c smaki regionu. W towarzystwie kieliszka wina poczujecie, \u017ce ten wiecz\u00f3r to co\u015b wyj\u0105tkowego \u2013 idealny czas na dzielenie si\u0119 wspomnieniami i tworzenie nowych.<\/p>\n\n\n\n<h2 class=\"wp-block-heading\">Zanurzcie si\u0119 w wellness \u2013 odpr\u0119\u017cenie dla cia\u0142a i duszy \ud83d\udc86\u200d\u2640\ufe0f\ud83d\udc86\u200d\u2642\ufe0f<\/h2>\n\n\n\n<p>Co powiecie na chwil\u0119 dla siebie? W strefie wellness Pa\u0142acu Pakosz\u00f3w, zaprojektowanej z my\u015bl\u0105 o harmonii i komforcie, znajdziecie basen, saun\u0119 fi\u0144sk\u0105, pok\u00f3j relaksu z widokiem na g\u00f3ry oraz sal\u0119 fitness. Czy mo\u017ce by\u0107 co\u015b bardziej odpr\u0119\u017caj\u0105cego po d\u0142ugim dniu pe\u0142nym wra\u017ce\u0144 ni\u017c chwila spokoju w saunie z widokiem na otaczaj\u0105c\u0105 przyrod\u0119? Nie spos\u00f3b tu nie poczu\u0107, \u017ce czas zwalnia, a ka\u017cda minuta jest okazj\u0105 do odpr\u0119\u017cenia.<\/p>\n\n\n\n<h2 class=\"wp-block-heading\">Spacer po pa\u0142acowych ogrodach \u2013 odkryjcie urok przyrody \ud83c\udf33<\/h2>\n\n\n\n<p>Romantyczny weekend dla dwojga w g\u00f3rach to r\u00f3wnie\u017c okazja do odkrywania przyrody, kt\u00f3ra otacza Pa\u0142ac Pakosz\u00f3w. Pa\u0142acowe ogrody, rozci\u0105gaj\u0105ce si\u0119 na 14 hektarach, to idealne miejsce na spacer r\u0119ka w r\u0119k\u0119. Malownicze alejki, tajemnicze zakamarki i niezliczone zak\u0105tki pe\u0142ne zieleni tworz\u0105 sceneri\u0119 jak z bajki. Spaceruj\u0105c po tych ogrodach, mo\u017cecie odkry\u0107 wystawy sztuki, stoliki bryd\u017cowe, czy zewn\u0119trzne szachy \u2013 detale, kt\u00f3re sprawiaj\u0105, \u017ce czas sp\u0119dzony tutaj nabiera wyj\u0105tkowego charakteru.<\/p>\n\n\n\n<h2 class=\"wp-block-heading\">Czas na relaksacyjne zabiegi \u2013 SPA w wersji romantycznej \ud83d\udc96\ud83d\udc86\u200d\u2640\ufe0f<\/h2>\n\n\n\n<p>Je\u015bli szukacie czego\u015b specjalnego, warto skorzysta\u0107 z oferty pa\u0142acowego SPA. Masa\u017ce relaksacyjne, zabiegi kosmetyczne oraz dedykowane rytua\u0142y na d\u0142onie i stopy to tylko niekt\u00f3re z propozycji. A mo\u017ce marzycie o relaksacyjnej k\u0105pieli w pokoju? Z us\u0142uga bath service mo\u017cecie zam\u00f3wi\u0107 do pokoju naturalny peeling do cia\u0142a, pachn\u0105cy mi\u00f3d lub pian\u0119 do k\u0105pieli oraz relaksacyjn\u0105 \u015bwiec\u0119 \u2013 idealny spos\u00f3b na zako\u0144czenie dnia w pe\u0142nej harmonii.<\/p>\n\n\n\n<h3 class=\"wp-block-heading\">Atrakcje wok\u00f3\u0142 Pa\u0142acu \u2013 odkryjcie pi\u0119kno Karkonoszy \ud83d\udeb6\u200d\u2640\ufe0f\ud83c\udfde\ufe0f<\/h3>\n\n\n\n<p>Nie spos\u00f3b sp\u0119dzi\u0107 romantyczny weekend dla dwojga w g\u00f3rach bez odkrywania pi\u0119kna Karkonoszy. Je\u015bli macie ochot\u0119 na aktywno\u015b\u0107, wok\u00f3\u0142 Pa\u0142acu Pakosz\u00f3w znajdziecie liczne trasy spacerowe i trekkingowe. Od malowniczych wodospad\u00f3w w Szklarskiej Por\u0119bie, przez historyczny Zamek Chojnik, po s\u0142ynny Ko\u015bci\u00f3\u0142 Wang w Karpaczu \u2013 Karkonosze to nie tylko widoki, ale i historia, kt\u00f3ra czeka na odkrycie. Wystarczy wyj\u015b\u0107 na zewn\u0105trz, aby przekona\u0107 si\u0119, jak wiele ma do zaoferowania ta pi\u0119kna okolica.<\/p>\n\n\n\n<h2 class=\"wp-block-heading\">Romantyczny weekend dla dwojga w g\u00f3rach w Pa\u0142acu Pakosz\u00f3w \ud83e\udd42\ud83d\udc8f<\/h2>\n\n\n\n<p>Romantyczny weekend dla dwojga w g\u00f3rach to niepowtarzalna okazja, by odnale\u017a\u0107 si\u0119 na nowo i zanurzy\u0107 si\u0119 w wyj\u0105tkowej atmosferze Karkonoszy. Pa\u0142ac Pakosz\u00f3w jest gotowy, aby powita\u0107 was z otwartymi ramionami i zadba\u0107 o ka\u017cdy detal waszego pobytu. Czekaj\u0105 na was przytulne pokoje, luksusowa strefa wellness, malownicze ogrody, a tak\u017ce kulinarne rozkosze i niezliczone atrakcje, kt\u00f3re uczyni\u0105 ten czas niezapomnianym.<\/p>\n\n\n\n<p>Czujecie ju\u017c magi\u0119? W takim razie czas na decyzj\u0119 \u2013 sprawd\u017acie dost\u0119pno\u015b\u0107, wybierzcie idealny termin i pozw\u00f3lcie sobie na chwil\u0119 zapomnienia. Romantyczny weekend dla dwojga w g\u00f3rach w Pa\u0142acu Pakosz\u00f3w czeka na was \u2013 niech to b\u0119dzie pocz\u0105tek pi\u0119knej przygody, kt\u00f3r\u0105 b\u0119dziecie wspomina\u0107 przez d\u0142ugie lata.<\/p>\n\n\n\n<p><\/p>\n","protected":false},"excerpt":{"rendered":"<p>Romantyczna ucieczka w Karkonosze \u2013 czy marzysz o chwili tylko we dwoje? \ud83c\udf32\ud83d\udc91 Kto nie potrzebuje czasem uciec od codzienno\u015bci? Zapomnie\u0107 o obowi\u0105zkach, stresie i po prostu\u2026 by\u0107 ze sob\u0105? Dla par, kt\u00f3re pragn\u0105 odnale\u017a\u0107 na nowo magi\u0119 bycia razem, romantyczny weekend dla dwojga w g\u00f3rach to co\u015b wi\u0119cej ni\u017c tylko czas sp\u0119dzony we dwoje&#8230;<\/p>\n","protected":false},"author":1,"featured_media":0,"parent":0,"menu_order":0,"comment_status":"closed","ping_status":"open","template":"","meta":{"footnotes":""},"class_list":["post-2","page","type-page","status-publish","hentry"],"yoast_head":"<!-- This site is optimized with the Yoast SEO plugin v25.6 - https:\/\/yoast.com\/wordpress\/plugins\/seo\/ -->\n<title>Romantyczny weekend dla dwojga w g\u00f3rach - romantyczny-weekend-dla-dwojga-w-gorach.pl<\/title>\n<meta name=\"description\" content=\"Sp\u0119d\u017a romantyczny weekend dla dwojga w g\u00f3rach! Dowiedz si\u0119, gdzie najlepiej sp\u0119dzi\u0107 romantyczny weekend dla dwojga w g\u00f3rach w Polsce!\" \/>\n<meta name=\"robots\" content=\"index, follow, max-snippet:-1, max-image-preview:large, max-video-preview:-1\" \/>\n<link rel=\"canonical\" href=\"https:\/\/romantyczny-weekend-dla-dwojga-w-gorach.pl\/\" \/>\n<meta property=\"og:locale\" content=\"pl_PL\" \/>\n<meta property=\"og:type\" content=\"article\" \/>\n<meta property=\"og:title\" content=\"Romantyczny weekend dla dwojga w g\u00f3rach - romantyczny-weekend-dla-dwojga-w-gorach.pl\" \/>\n<meta property=\"og:description\" content=\"Sp\u0119d\u017a romantyczny weekend dla dwojga w g\u00f3rach! Dowiedz si\u0119, gdzie najlepiej sp\u0119dzi\u0107 romantyczny weekend dla dwojga w g\u00f3rach w Polsce!\" \/>\n<meta property=\"og:url\" content=\"https:\/\/romantyczny-weekend-dla-dwojga-w-gorach.pl\/\" \/>\n<meta property=\"og:site_name\" content=\"romantyczny-weekend-dla-dwojga-w-gorach.pl\" \/>\n<meta property=\"article:modified_time\" content=\"2024-10-30T13:43:48+00:00\" \/>\n<meta property=\"og:image\" content=\"https:\/\/romantyczny-weekend-dla-dwojga-w-gorach.pl\/wp-content\/uploads\/2024\/10\/wedding-dreamz-bLINhI-khtc-unsplash-scaled.jpg\" \/>\n\t<meta property=\"og:image:width\" content=\"2560\" \/>\n\t<meta property=\"og:image:height\" content=\"1708\" \/>\n\t<meta property=\"og:image:type\" content=\"image\/jpeg\" \/>\n<meta name=\"twitter:card\" content=\"summary_large_image\" \/>\n<meta name=\"twitter:label1\" content=\"Szacowany czas czytania\" \/>\n\t<meta name=\"twitter:data1\" content=\"6 minut\" \/>\n<script type=\"application\/ld+json\" class=\"yoast-schema-graph\">{\"@context\":\"https:\/\/schema.org\",\"@graph\":[{\"@type\":\"WebPage\",\"@id\":\"https:\/\/romantyczny-weekend-dla-dwojga-w-gorach.pl\/\",\"url\":\"https:\/\/romantyczny-weekend-dla-dwojga-w-gorach.pl\/\",\"name\":\"Romantyczny weekend dla dwojga w g\u00f3rach - romantyczny-weekend-dla-dwojga-w-gorach.pl\",\"isPartOf\":{\"@id\":\"https:\/\/romantyczny-weekend-dla-dwojga-w-gorach.pl\/#website\"},\"primaryImageOfPage\":{\"@id\":\"https:\/\/romantyczny-weekend-dla-dwojga-w-gorach.pl\/#primaryimage\"},\"image\":{\"@id\":\"https:\/\/romantyczny-weekend-dla-dwojga-w-gorach.pl\/#primaryimage\"},\"thumbnailUrl\":\"https:\/\/romantyczny-weekend-dla-dwojga-w-gorach.pl\/wp-content\/uploads\/2024\/10\/wedding-dreamz-bLINhI-khtc-unsplash-1024x683.jpg\",\"datePublished\":\"2024-10-18T09:57:53+00:00\",\"dateModified\":\"2024-10-30T13:43:48+00:00\",\"description\":\"Sp\u0119d\u017a romantyczny weekend dla dwojga w g\u00f3rach! Dowiedz si\u0119, gdzie najlepiej sp\u0119dzi\u0107 romantyczny weekend dla dwojga w g\u00f3rach w Polsce!\",\"breadcrumb\":{\"@id\":\"https:\/\/romantyczny-weekend-dla-dwojga-w-gorach.pl\/#breadcrumb\"},\"inLanguage\":\"pl-PL\",\"potentialAction\":[{\"@type\":\"ReadAction\",\"target\":[\"https:\/\/romantyczny-weekend-dla-dwojga-w-gorach.pl\/\"]}]},{\"@type\":\"ImageObject\",\"inLanguage\":\"pl-PL\",\"@id\":\"https:\/\/romantyczny-weekend-dla-dwojga-w-gorach.pl\/#primaryimage\",\"url\":\"https:\/\/romantyczny-weekend-dla-dwojga-w-gorach.pl\/wp-content\/uploads\/2024\/10\/wedding-dreamz-bLINhI-khtc-unsplash-scaled.jpg\",\"contentUrl\":\"https:\/\/romantyczny-weekend-dla-dwojga-w-gorach.pl\/wp-content\/uploads\/2024\/10\/wedding-dreamz-bLINhI-khtc-unsplash-scaled.jpg\",\"width\":2560,\"height\":1708,\"caption\":\"romantyczny weekend dla dwojga w g\u00f3rach\"},{\"@type\":\"BreadcrumbList\",\"@id\":\"https:\/\/romantyczny-weekend-dla-dwojga-w-gorach.pl\/#breadcrumb\",\"itemListElement\":[{\"@type\":\"ListItem\",\"position\":1,\"name\":\"Strona g\u0142\u00f3wna\",\"item\":\"https:\/\/romantyczny-weekend-dla-dwojga-w-gorach.pl\/\"},{\"@type\":\"ListItem\",\"position\":2,\"name\":\"Romantyczny weekend dla dwojga w g\u00f3rach\"}]},{\"@type\":\"WebSite\",\"@id\":\"https:\/\/romantyczny-weekend-dla-dwojga-w-gorach.pl\/#website\",\"url\":\"https:\/\/romantyczny-weekend-dla-dwojga-w-gorach.pl\/\",\"name\":\"romantyczny-weekend-dla-dwojga-w-gorach.pl\",\"description\":\"\",\"potentialAction\":[{\"@type\":\"SearchAction\",\"target\":{\"@type\":\"EntryPoint\",\"urlTemplate\":\"https:\/\/romantyczny-weekend-dla-dwojga-w-gorach.pl\/?s={search_term_string}\"},\"query-input\":{\"@type\":\"PropertyValueSpecification\",\"valueRequired\":true,\"valueName\":\"search_term_string\"}}],\"inLanguage\":\"pl-PL\"}]}<\/script>\n<!-- \/ Yoast SEO plugin. -->","yoast_head_json":{"title":"Romantyczny weekend dla dwojga w g\u00f3rach - romantyczny-weekend-dla-dwojga-w-gorach.pl","description":"Sp\u0119d\u017a romantyczny weekend dla dwojga w g\u00f3rach! Dowiedz si\u0119, gdzie najlepiej sp\u0119dzi\u0107 romantyczny weekend dla dwojga w g\u00f3rach w Polsce!","robots":{"index":"index","follow":"follow","max-snippet":"max-snippet:-1","max-image-preview":"max-image-preview:large","max-video-preview":"max-video-preview:-1"},"canonical":"https:\/\/romantyczny-weekend-dla-dwojga-w-gorach.pl\/","og_locale":"pl_PL","og_type":"article","og_title":"Romantyczny weekend dla dwojga w g\u00f3rach - romantyczny-weekend-dla-dwojga-w-gorach.pl","og_description":"Sp\u0119d\u017a romantyczny weekend dla dwojga w g\u00f3rach! Dowiedz si\u0119, gdzie najlepiej sp\u0119dzi\u0107 romantyczny weekend dla dwojga w g\u00f3rach w Polsce!","og_url":"https:\/\/romantyczny-weekend-dla-dwojga-w-gorach.pl\/","og_site_name":"romantyczny-weekend-dla-dwojga-w-gorach.pl","article_modified_time":"2024-10-30T13:43:48+00:00","og_image":[{"width":2560,"height":1708,"url":"https:\/\/romantyczny-weekend-dla-dwojga-w-gorach.pl\/wp-content\/uploads\/2024\/10\/wedding-dreamz-bLINhI-khtc-unsplash-scaled.jpg","type":"image\/jpeg"}],"twitter_card":"summary_large_image","twitter_misc":{"Szacowany czas czytania":"6 minut"},"schema":{"@context":"https:\/\/schema.org","@graph":[{"@type":"WebPage","@id":"https:\/\/romantyczny-weekend-dla-dwojga-w-gorach.pl\/","url":"https:\/\/romantyczny-weekend-dla-dwojga-w-gorach.pl\/","name":"Romantyczny weekend dla dwojga w g\u00f3rach - romantyczny-weekend-dla-dwojga-w-gorach.pl","isPartOf":{"@id":"https:\/\/romantyczny-weekend-dla-dwojga-w-gorach.pl\/#website"},"primaryImageOfPage":{"@id":"https:\/\/romantyczny-weekend-dla-dwojga-w-gorach.pl\/#primaryimage"},"image":{"@id":"https:\/\/romantyczny-weekend-dla-dwojga-w-gorach.pl\/#primaryimage"},"thumbnailUrl":"https:\/\/romantyczny-weekend-dla-dwojga-w-gorach.pl\/wp-content\/uploads\/2024\/10\/wedding-dreamz-bLINhI-khtc-unsplash-1024x683.jpg","datePublished":"2024-10-18T09:57:53+00:00","dateModified":"2024-10-30T13:43:48+00:00","description":"Sp\u0119d\u017a romantyczny weekend dla dwojga w g\u00f3rach! Dowiedz si\u0119, gdzie najlepiej sp\u0119dzi\u0107 romantyczny weekend dla dwojga w g\u00f3rach w Polsce!","breadcrumb":{"@id":"https:\/\/romantyczny-weekend-dla-dwojga-w-gorach.pl\/#breadcrumb"},"inLanguage":"pl-PL","potentialAction":[{"@type":"ReadAction","target":["https:\/\/romantyczny-weekend-dla-dwojga-w-gorach.pl\/"]}]},{"@type":"ImageObject","inLanguage":"pl-PL","@id":"https:\/\/romantyczny-weekend-dla-dwojga-w-gorach.pl\/#primaryimage","url":"https:\/\/romantyczny-weekend-dla-dwojga-w-gorach.pl\/wp-content\/uploads\/2024\/10\/wedding-dreamz-bLINhI-khtc-unsplash-scaled.jpg","contentUrl":"https:\/\/romantyczny-weekend-dla-dwojga-w-gorach.pl\/wp-content\/uploads\/2024\/10\/wedding-dreamz-bLINhI-khtc-unsplash-scaled.jpg","width":2560,"height":1708,"caption":"romantyczny weekend dla dwojga w g\u00f3rach"},{"@type":"BreadcrumbList","@id":"https:\/\/romantyczny-weekend-dla-dwojga-w-gorach.pl\/#breadcrumb","itemListElement":[{"@type":"ListItem","position":1,"name":"Strona g\u0142\u00f3wna","item":"https:\/\/romantyczny-weekend-dla-dwojga-w-gorach.pl\/"},{"@type":"ListItem","position":2,"name":"Romantyczny weekend dla dwojga w g\u00f3rach"}]},{"@type":"WebSite","@id":"https:\/\/romantyczny-weekend-dla-dwojga-w-gorach.pl\/#website","url":"https:\/\/romantyczny-weekend-dla-dwojga-w-gorach.pl\/","name":"romantyczny-weekend-dla-dwojga-w-gorach.pl","description":"","potentialAction":[{"@type":"SearchAction","target":{"@type":"EntryPoint","urlTemplate":"https:\/\/romantyczny-weekend-dla-dwojga-w-gorach.pl\/?s={search_term_string}"},"query-input":{"@type":"PropertyValueSpecification","valueRequired":true,"valueName":"search_term_string"}}],"inLanguage":"pl-PL"}]}},"_links":{"self":[{"href":"https:\/\/romantyczny-weekend-dla-dwojga-w-gorach.pl\/index.php\/wp-json\/wp\/v2\/pages\/2"}],"collection":[{"href":"https:\/\/romantyczny-weekend-dla-dwojga-w-gorach.pl\/index.php\/wp-json\/wp\/v2\/pages"}],"about":[{"href":"https:\/\/romantyczny-weekend-dla-dwojga-w-gorach.pl\/index.php\/wp-json\/wp\/v2\/types\/page"}],"author":[{"embeddable":true,"href":"https:\/\/romantyczny-weekend-dla-dwojga-w-gorach.pl\/index.php\/wp-json\/wp\/v2\/users\/1"}],"replies":[{"embeddable":true,"href":"https:\/\/romantyczny-weekend-dla-dwojga-w-gorach.pl\/index.php\/wp-json\/wp\/v2\/comments?post=2"}],"version-history":[{"count":1,"href":"https:\/\/romantyczny-weekend-dla-dwojga-w-gorach.pl\/index.php\/wp-json\/wp\/v2\/pages\/2\/revisions"}],"predecessor-version":[{"id":18,"href":"https:\/\/romantyczny-weekend-dla-dwojga-w-gorach.pl\/index.php\/wp-json\/wp\/v2\/pages\/2\/revisions\/18"}],"wp:attachment":[{"href":"https:\/\/romantyczny-weekend-dla-dwojga-w-gorach.pl\/index.php\/wp-json\/wp\/v2\/media?parent=2"}],"curies":[{"name":"wp","href":"https:\/\/api.w.org\/{rel}","templated":true}]}}